{"id":1307,"date":"2020-08-03T18:36:05","date_gmt":"2020-08-03T16:36:05","guid":{"rendered":"http:\/\/septmillrolls.com\/?page_id=1307"},"modified":"2020-08-03T18:36:48","modified_gmt":"2020-08-03T16:36:48","slug":"services","status":"publish","type":"page","link":"https:\/\/septmillrolls.com\/?page_id=1307","title":{"rendered":"Services"},"content":{"rendered":"<div class=\"fusion-fullwidth fullwidth-box nonhundred-percent-fullwidth hundred-percent-height hundred-percent-height-center-content non-hundred-percent-height-scrolling\"  style='background-color: rgba(255,255,255,0);background-position: center center;background-repeat: no-repeat;padding-top:0px;padding-right:30px;padding-bottom:0px;padding-left:30px;'><div class=\"fusion-fullwidth-center-content\"><div class=\"fusion-builder-row fusion-row \"><div  class=\"fusion-layout-column fusion_builder_column fusion_builder_column_1_3  fusion-one-third fusion-column-first 1_3\"  style='margin-top:0px;margin-bottom:20px;width:33.33%;width:calc(33.33% - ( ( 4% ) * 0.3333 ) );margin-right: 4%;'>\n\t\t\t\t\t<div class=\"fusion-column-wrapper\" style=\"padding: 0px 0px 0px 0px;background-position:left top;background-repeat:no-repeat;-webkit-background-size:cover;-moz-background-size:cover;-o-background-size:cover;background-size:cover;\"  data-bg-url=\"\">\n\t\t\t\t\t\t<span class=\"fusion-imageframe imageframe-none imageframe-1 hover-type-none\"><img decoding=\"async\" src=\"http:\/\/septmillrolls.com\/wp-content\/uploads\/2019\/02\/sept_mill_rolls_man-e1550682730348.jpg\" width=\"\" height=\"\" alt=\"\" title=\"Sourire amical beau jeune op\u00e9rateur de centre d\u2019appel masculin.\" class=\"img-responsive wp-image-1212\"\/><\/span><div class=\"fusion-clearfix\"><\/div>\n\n\t\t\t\t\t<\/div>\n\t\t\t\t<\/div><div  class=\"fusion-layout-column fusion_builder_column fusion_builder_column_2_3  fusion-two-third fusion-column-last fusion-blend-mode 2_3\"  style='margin-top:0px;margin-bottom:20px;width:66.66%;width:calc(66.66% - ( ( 4% ) * 0.6666 ) );'>\n\t\t\t\t\t<div class=\"fusion-column-wrapper\" style=\"background-color:#ffffff;padding: 0px 0px 0px 0px;background-position:left top;background-repeat:no-repeat;-webkit-background-size:cover;-moz-background-size:cover;-o-background-size:cover;background-size:cover;\"  data-bg-url=\"\">\n\t\t\t\t\t\t<div class=\"fusion-text\"><h1>Services<\/h1>\n<\/div><div class=\"fusion-text\"><ul>\n<li>\n<h2><strong><img loading=\"lazy\" decoding=\"async\" class=\" wp-image-702 alignright\" src=\"http:\/\/septmillrolls.com\/wp-content\/uploads\/2019\/02\/sept_mill_rolls_schema.jpg\" alt=\"\" width=\"314\" height=\"236\" srcset=\"https:\/\/septmillrolls.com\/wp-content\/uploads\/2019\/02\/sept_mill_rolls_schema-200x150.jpg 200w, https:\/\/septmillrolls.com\/wp-content\/uploads\/2019\/02\/sept_mill_rolls_schema.jpg 250w\" sizes=\"auto, (max-width: 314px) 100vw, 314px\" \/>\u00c9tudes d\u2019arbres et de rouleaux<\/strong><\/h2>\n<\/li>\n<li>\n<h2><strong>Optimisation des lignes<\/strong><\/h2>\n<\/li>\n<li>\n<h2><strong>Dessin et conception<\/strong><\/h2>\n<\/li>\n<li>\n<h2><strong>Fabrication d\u2019arbres<\/strong><\/h2>\n<\/li>\n<li>\n<h2><strong>R\u00e9paration de rouleaux<\/strong><\/h2>\n<\/li>\n<li>\n<h2><strong>Expertise en rouleaux<\/strong><\/h2>\n<\/li>\n<\/ul>\n<\/div><div class=\"fusion-text\"><h2 style=\"text-align: left;\">Nous vous offrons un large \u00e9ventail de services pour faciliter votre travail quotidien et am\u00e9liorer votre retour sur investissement.<\/h2>\n<h2 style=\"text-align: left;\">Notre d\u00e9partement d\u2019ing\u00e9nierie \u00e9tudiera attentivement votre demande et vous fournira les conseils les plus ad\u00e9quats sans d\u00e9lai.<\/h2>\n<\/div><div class=\"fusion-clearfix\"><\/div>\n\n\t\t\t\t\t<\/div>\n\t\t\t\t<\/div><\/div><\/div><\/div>\n","protected":false},"excerpt":{"rendered":"","protected":false},"author":1,"featured_media":0,"parent":0,"menu_order":0,"comment_status":"closed","ping_status":"closed","template":"","meta":{"footnotes":""},"class_list":["post-1307","page","type-page","status-publish","hentry"],"_links":{"self":[{"href":"https:\/\/septmillrolls.com\/index.php?rest_route=\/wp\/v2\/pages\/1307","targetHints":{"allow":["GET"]}}],"collection":[{"href":"https:\/\/septmillrolls.com\/index.php?rest_route=\/wp\/v2\/pages"}],"about":[{"href":"https:\/\/septmillrolls.com\/index.php?rest_route=\/wp\/v2\/types\/page"}],"author":[{"embeddable":true,"href":"https:\/\/septmillrolls.com\/index.php?rest_route=\/wp\/v2\/users\/1"}],"replies":[{"embeddable":true,"href":"https:\/\/septmillrolls.com\/index.php?rest_route=%2Fwp%2Fv2%2Fcomments&post=1307"}],"version-history":[{"count":4,"href":"https:\/\/septmillrolls.com\/index.php?rest_route=\/wp\/v2\/pages\/1307\/revisions"}],"predecessor-version":[{"id":1312,"href":"https:\/\/septmillrolls.com\/index.php?rest_route=\/wp\/v2\/pages\/1307\/revisions\/1312"}],"wp:attachment":[{"href":"https:\/\/septmillrolls.com\/index.php?rest_route=%2Fwp%2Fv2%2Fmedia&parent=1307"}],"curies":[{"name":"wp","href":"https:\/\/api.w.org\/{rel}","templated":true}]}}