{"id":1276,"date":"2020-08-03T18:07:24","date_gmt":"2020-08-03T16:07:24","guid":{"rendered":"http:\/\/septmillrolls.com\/?page_id=1276"},"modified":"2020-08-04T11:07:02","modified_gmt":"2020-08-04T09:07:02","slug":"applications","status":"publish","type":"page","link":"https:\/\/septmillrolls.com\/?page_id=1276","title":{"rendered":"Applications"},"content":{"rendered":"<p><div class=\"fusion-fullwidth fullwidth-box nonhundred-percent-fullwidth non-hundred-percent-height-scrolling\"  style='background-color: rgba(255,255,255,0);background-position: center center;background-repeat: no-repeat;padding-top:0px;padding-right:30px;padding-bottom:0px;padding-left:30px;'><div class=\"fusion-builder-row fusion-row \"><div  class=\"fusion-layout-column fusion_builder_column fusion_builder_column_1_1  fusion-one-full fusion-column-first fusion-column-last 1_1\"  style='margin-top:0px;margin-bottom:0px;'>\n\t\t\t\t\t<div class=\"fusion-column-wrapper\" style=\"padding: 0px 0px 0px 0px;background-position:left top;background-repeat:no-repeat;-webkit-background-size:cover;-moz-background-size:cover;-o-background-size:cover;background-size:cover;\"  data-bg-url=\"\">\n\t\t\t\t\t\t<span style=\"max-width:100%;\" class=\"fusion-imageframe imageframe-none imageframe-1 hover-type-none\"><img decoding=\"async\" src=\"http:\/\/septmillrolls.com\/wp-content\/uploads\/2019\/01\/sept_mill_rolls_line-copie.jpg\" width=\"\" height=\"\" alt=\"\" title=\"LIGNE TEMP\" class=\"img-responsive wp-image-1147\" srcset=\"https:\/\/septmillrolls.com\/wp-content\/uploads\/2019\/01\/sept_mill_rolls_line-copie-300x56.jpg 300w, https:\/\/septmillrolls.com\/wp-content\/uploads\/2019\/01\/sept_mill_rolls_line-copie-768x144.jpg 768w, https:\/\/septmillrolls.com\/wp-content\/uploads\/2019\/01\/sept_mill_rolls_line-copie-1024x192.jpg 1024w, https:\/\/septmillrolls.com\/wp-content\/uploads\/2019\/01\/sept_mill_rolls_line-copie.jpg 5298w\" sizes=\"(max-width: 5298px) 100vw, 5298px\" \/><\/span><div class=\"fusion-clearfix\"><\/div>\n\n\t\t\t\t\t<\/div>\n\t\t\t\t<\/div><\/div><\/div><div class=\"fusion-fullwidth fullwidth-box nonhundred-percent-fullwidth non-hundred-percent-height-scrolling\"  style='background-color: rgba(255,255,255,0);background-position: center center;background-repeat: no-repeat;padding-top:0px;padding-right:30px;padding-bottom:0px;padding-left:30px;'><div class=\"fusion-builder-row fusion-row \"><div  class=\"fusion-layout-column fusion_builder_column fusion_builder_column_1_3  fusion-one-third fusion-column-first 1_3\"  style='margin-top:0px;margin-bottom:20px;width:33.33%;width:calc(33.33% - ( ( 4% + 4% ) * 0.3333 ) );margin-right: 4%;'>\n\t\t\t\t\t<div class=\"fusion-column-wrapper\" style=\"padding: 0px 0px 0px 0px;background-position:left top;background-repeat:no-repeat;-webkit-background-size:cover;-moz-background-size:cover;-o-background-size:cover;background-size:cover;\"  data-bg-url=\"\">\n\t\t\t\t\t\t<div class=\"fusion-title title fusion-title-size-one\" style=\"margin-top:0px;margin-bottom:31px;\"><h1 class=\"title-heading-left\"><h1 style=\"text-align: center;\">Pincement \/ Tension \/ D\u00e9viation<\/h1><\/h1><div class=\"title-sep-container\"><div class=\"title-sep sep-double sep-solid\" style=\"border-color:#e0dede;\"><\/div><\/div><\/div><div class=\"fusion-text\"><h2 style=\"text-align: center;\">Sept Mill Rolls am\u00e9liorent l\u2019efficacit\u00e9 de votre ligne \u00e0 chaque emplacement.<br \/>\nEn particulier, quand le coefficient de friction est important<br \/>\nles rouleaux SEPT am\u00e9liorent le guidage,<br \/>\nen \u00e9vitant le glissement et en conservant la tension<br \/>\nsans recourir \u00e0 une motorisation.<\/h2>\n<\/div><div class=\"fusion-text\"><ul>\n<li>\n<h3>Coefficient de friction tr\u00e8s \u00e9lev\u00e9<\/h3>\n<\/li>\n<li>\n<h3>Pas de glissement<\/h3>\n<\/li>\n<li>\n<h3>Moins de marquage<\/h3>\n<\/li>\n<li>\n<h3>R\u00e9duire les scratches<\/h3>\n<\/li>\n<li>\n<h3>R\u00e9duire l&rsquo;\u00e9crasement<\/h3>\n<\/li>\n<li>\n<h3>Maintenir la bobine bien serr\u00e9e<\/h3>\n<\/li>\n<li>\n<h3>Ligne de vitesse plus \u00e9lev\u00e9e<\/h3>\n<\/li>\n<\/ul>\n<\/div><div class=\"fusion-clearfix\"><\/div>\n\n\t\t\t\t\t<\/div>\n\t\t\t\t<\/div><div  class=\"fusion-layout-column fusion_builder_column fusion_builder_column_1_3  fusion-one-third 1_3\"  style='margin-top:0px;margin-bottom:20px;width:33.33%;width:calc(33.33% - ( ( 4% + 4% ) * 0.3333 ) );margin-right: 4%;'>\n\t\t\t\t\t<div class=\"fusion-column-wrapper\" style=\"padding: 0px 0px 0px 0px;background-position:left top;background-repeat:no-repeat;-webkit-background-size:cover;-moz-background-size:cover;-o-background-size:cover;background-size:cover;\"  data-bg-url=\"\">\n\t\t\t\t\t\t<div class=\"fusion-text\"><h1 style=\"text-align: center;\">Essorage<\/h1>\n<\/div><div class=\"fusion-text\"><h2>Les rouleaux neutres SEPT Mill Rolls sont la solution id\u00e9ale pour l&rsquo;essorage. En raison de leur porosit\u00e9, la capacit\u00e9 d&rsquo;essorage des rouleaux SEPT Mill Rolls est unique sur le march\u00e9. Ils ass\u00e8chent litt\u00e9ralement la banque, tout en \u00e9vitant la migration des fluides le long de la ligne.<\/h2>\n<\/div><div class=\"fusion-text\"><ul>\n<li>\n<h3>Une meilleure action d&rsquo;essuyage<\/h3>\n<\/li>\n<li>\n<h3>Moins d\u2019eau sur la bande<\/h3>\n<\/li>\n<li>\n<h3>Pas de glissement des rouleaux sur la surface<\/h3>\n<\/li>\n<li>\n<h3>Pas besoin de moteurs<\/h3>\n<\/li>\n<li>\n<h3>Retirer les d\u00e9bris de la bande si pr\u00e9sents<\/h3>\n<\/li>\n<li>\n<h3>Meilleure qualit\u00e9 sans marques ni scratchs<\/h3>\n<\/li>\n<\/ul>\n<\/div><div class=\"fusion-clearfix\"><\/div>\n\n\t\t\t\t\t<\/div>\n\t\t\t\t<\/div><div  class=\"fusion-layout-column fusion_builder_column fusion_builder_column_1_3  fusion-one-third fusion-column-last 1_3\"  style='margin-top:0px;margin-bottom:20px;width:33.33%;width:calc(33.33% - ( ( 4% + 4% ) * 0.3333 ) );'>\n\t\t\t\t\t<div class=\"fusion-column-wrapper\" style=\"padding: 0px 0px 0px 0px;background-position:left top;background-repeat:no-repeat;-webkit-background-size:cover;-moz-background-size:cover;-o-background-size:cover;background-size:cover;\"  data-bg-url=\"\">\n\t\t\t\t\t\t<div class=\"fusion-text\"><h1 style=\"text-align: center;\">Chimique<\/h1>\n<\/div><div class=\"fusion-text\"><h2 style=\"text-align: center;\">Les rouleaux chimiques SEPT Mill Rolls peut fonctionner dans un environnement tr\u00e8s agressif tel qu&rsquo;une solution caustique ou acide tr\u00e8s concentr\u00e9e. Leurs performances r\u00e9duisent la migration des fluides sur la ligne, am\u00e9liorant ainsi la performance globale. Ces rouleaux contribuent \u00e9galement \u00e0 un meilleur environnement, limitant la consommation et le gaspillage de produits chimiques toxiques.<\/h2>\n<\/div><div class=\"fusion-text\"><ul>\n<li>\n<h3>Moins de migration de solution chimique sur la bande<\/h3>\n<\/li>\n<li>\n<h3>Une dur\u00e9e de vie plus longue<\/h3>\n<\/li>\n<li>\n<h3>Pas de glissement du rouleau sur la surface<\/h3>\n<\/li>\n<li>\n<h3>Pas besoin de motorisation suppl\u00e9mentaire<\/h3>\n<\/li>\n<li>\n<h3>Elimine les d\u00e9bris lorsqu&rsquo;ils sont pr\u00e9sents<\/h3>\n<\/li>\n<li>\n<h3>Meilleure qualit\u00e9 sans marques ni scratchs<\/h3>\n<\/li>\n<\/ul>\n<\/div><div class=\"fusion-clearfix\"><\/div>\n\n\t\t\t\t\t<\/div>\n\t\t\t\t<\/div><\/div><\/div><\/p>\n","protected":false},"excerpt":{"rendered":"","protected":false},"author":1,"featured_media":0,"parent":0,"menu_order":0,"comment_status":"closed","ping_status":"closed","template":"","meta":{"footnotes":""},"class_list":["post-1276","page","type-page","status-publish","hentry"],"_links":{"self":[{"href":"https:\/\/septmillrolls.com\/index.php?rest_route=\/wp\/v2\/pages\/1276","targetHints":{"allow":["GET"]}}],"collection":[{"href":"https:\/\/septmillrolls.com\/index.php?rest_route=\/wp\/v2\/pages"}],"about":[{"href":"https:\/\/septmillrolls.com\/index.php?rest_route=\/wp\/v2\/types\/page"}],"author":[{"embeddable":true,"href":"https:\/\/septmillrolls.com\/index.php?rest_route=\/wp\/v2\/users\/1"}],"replies":[{"embeddable":true,"href":"https:\/\/septmillrolls.com\/index.php?rest_route=%2Fwp%2Fv2%2Fcomments&post=1276"}],"version-history":[{"count":11,"href":"https:\/\/septmillrolls.com\/index.php?rest_route=\/wp\/v2\/pages\/1276\/revisions"}],"predecessor-version":[{"id":1453,"href":"https:\/\/septmillrolls.com\/index.php?rest_route=\/wp\/v2\/pages\/1276\/revisions\/1453"}],"wp:attachment":[{"href":"https:\/\/septmillrolls.com\/index.php?rest_route=%2Fwp%2Fv2%2Fmedia&parent=1276"}],"curies":[{"name":"wp","href":"https:\/\/api.w.org\/{rel}","templated":true}]}}