{"id":1041,"date":"2019-04-19T10:09:21","date_gmt":"2019-04-19T08:09:21","guid":{"rendered":"http:\/\/septmillrolls.com\/?page_id=1041"},"modified":"2020-08-03T18:45:04","modified_gmt":"2020-08-03T16:45:04","slug":"produits","status":"publish","type":"page","link":"http:\/\/septmillrolls.com\/?page_id=1041","title":{"rendered":"Produits"},"content":{"rendered":"<div class=\"fusion-fullwidth fullwidth-box nonhundred-percent-fullwidth non-hundred-percent-height-scrolling\"  style='background-color: rgba(255,255,255,0);background-position: center center;background-repeat: no-repeat;padding-top:0px;padding-right:30px;padding-bottom:0px;padding-left:30px;margin-top: 20px;'><div class=\"fusion-builder-row fusion-row \"><div  class=\"fusion-layout-column fusion_builder_column fusion_builder_column_1_3  fusion-one-third fusion-column-first 1_3\"  style='margin-top:0px;margin-bottom:20px;width:33.33%;width:calc(33.33% - ( ( 4% + 4% ) * 0.3333 ) );margin-right: 4%;'>\n\t\t\t\t\t<div class=\"fusion-column-wrapper\" style=\"padding: 0px 0px 0px 0px;background-position:left top;background-repeat:no-repeat;-webkit-background-size:cover;-moz-background-size:cover;-o-background-size:cover;background-size:cover;\"  data-bg-url=\"\">\n\t\t\t\t\t\t<div class=\"fusion-button-wrapper\"><style type=\"text\/css\" scoped=\"scoped\">.fusion-button.button-1 .fusion-button-text, .fusion-button.button-1 i {color:#ffffff;}.fusion-button.button-1 {border-width:0px;border-color:#ffffff;}.fusion-button.button-1 .fusion-button-icon-divider{border-color:#ffffff;}.fusion-button.button-1:hover .fusion-button-text, .fusion-button.button-1:hover i,.fusion-button.button-1:focus .fusion-button-text, .fusion-button.button-1:focus i,.fusion-button.button-1:active .fusion-button-text, .fusion-button.button-1:active{color:#1c4f9c;}.fusion-button.button-1:hover, .fusion-button.button-1:focus, .fusion-button.button-1:active{border-width:0px;border-color:#1c4f9c;}.fusion-button.button-1:hover .fusion-button-icon-divider, .fusion-button.button-1:hover .fusion-button-icon-divider, .fusion-button.button-1:active .fusion-button-icon-divider{border-color:#1c4f9c;}.fusion-button.button-1{width:100%;}<\/style><a class=\"fusion-button button-flat fusion-button-round button-large button-default button-1\" target=\"_self\" href=\"http:\/\/septmillrolls.com\/?page_id=1295&amp;lang=fr\"><span class=\"fusion-button-text\">Neutre<\/span><\/a><\/div><div class=\"fusion-text\"><h2 style=\"text-align: center\">Nos rouleaux neutres sont les meilleurs pour l&rsquo;essorage et le tensionnage<\/h2>\n<\/div><span class=\"fusion-imageframe imageframe-none imageframe-1 hover-type-none\"><img loading=\"lazy\" decoding=\"async\" src=\"http:\/\/septmillrolls.com\/wp-content\/uploads\/2019\/02\/sept_mill_rolls_rolls_l750.jpg\" width=\"750\" height=\"164\" alt=\"\" title=\"sept_mill_rolls_rolls_l750\" class=\"img-responsive wp-image-1047\" srcset=\"http:\/\/septmillrolls.com\/wp-content\/uploads\/2019\/02\/sept_mill_rolls_rolls_l750-200x44.jpg 200w, http:\/\/septmillrolls.com\/wp-content\/uploads\/2019\/02\/sept_mill_rolls_rolls_l750-400x87.jpg 400w, http:\/\/septmillrolls.com\/wp-content\/uploads\/2019\/02\/sept_mill_rolls_rolls_l750-600x131.jpg 600w, http:\/\/septmillrolls.com\/wp-content\/uploads\/2019\/02\/sept_mill_rolls_rolls_l750.jpg 750w\" sizes=\"auto, (max-width: 800px) 100vw, 750px\" \/><\/span><div class=\"fusion-clearfix\"><\/div>\n\n\t\t\t\t\t<\/div>\n\t\t\t\t<\/div><div  class=\"fusion-layout-column fusion_builder_column fusion_builder_column_1_3  fusion-one-third 1_3\"  style='margin-top:0px;margin-bottom:20px;width:33.33%;width:calc(33.33% - ( ( 4% + 4% ) * 0.3333 ) );margin-right: 4%;'>\n\t\t\t\t\t<div class=\"fusion-column-wrapper\" style=\"padding: 0px 0px 0px 0px;background-position:left top;background-repeat:no-repeat;-webkit-background-size:cover;-moz-background-size:cover;-o-background-size:cover;background-size:cover;\"  data-bg-url=\"\">\n\t\t\t\t\t\t<div class=\"fusion-button-wrapper\"><style type=\"text\/css\" scoped=\"scoped\">.fusion-button.button-2 .fusion-button-text, .fusion-button.button-2 i {color:#ffffff;}.fusion-button.button-2 {border-width:0px;border-color:#ffffff;}.fusion-button.button-2 .fusion-button-icon-divider{border-color:#ffffff;}.fusion-button.button-2:hover .fusion-button-text, .fusion-button.button-2:hover i,.fusion-button.button-2:focus .fusion-button-text, .fusion-button.button-2:focus i,.fusion-button.button-2:active .fusion-button-text, .fusion-button.button-2:active{color:#1c4f9c;}.fusion-button.button-2:hover, .fusion-button.button-2:focus, .fusion-button.button-2:active{border-width:0px;border-color:#1c4f9c;}.fusion-button.button-2:hover .fusion-button-icon-divider, .fusion-button.button-2:hover .fusion-button-icon-divider, .fusion-button.button-2:active .fusion-button-icon-divider{border-color:#1c4f9c;}.fusion-button.button-2{width:100%;}<\/style><a class=\"fusion-button button-flat fusion-button-round button-large button-default button-2\" target=\"_self\" href=\"http:\/\/septmillrolls.com\/?page_id=1124&amp;lang=fr\"><span class=\"fusion-button-text\">Chimique<\/span><\/a><\/div><div class=\"fusion-text\"><h2 style=\"text-align: center\">Les rouleaux chimiques offrent les meilleures performances dans les solutions corrosives<\/h2>\n<\/div><span class=\"fusion-imageframe imageframe-none imageframe-2 hover-type-none\"><img loading=\"lazy\" decoding=\"async\" src=\"http:\/\/septmillrolls.com\/wp-content\/uploads\/2019\/02\/sept_mill_rolls_rolls_chemical_750.jpg\" width=\"750\" height=\"164\" alt=\"\" title=\"sept_mill_rolls_rolls_chemical_750\" class=\"img-responsive wp-image-1045\" srcset=\"http:\/\/septmillrolls.com\/wp-content\/uploads\/2019\/02\/sept_mill_rolls_rolls_chemical_750-200x44.jpg 200w, http:\/\/septmillrolls.com\/wp-content\/uploads\/2019\/02\/sept_mill_rolls_rolls_chemical_750-400x87.jpg 400w, http:\/\/septmillrolls.com\/wp-content\/uploads\/2019\/02\/sept_mill_rolls_rolls_chemical_750-600x131.jpg 600w, http:\/\/septmillrolls.com\/wp-content\/uploads\/2019\/02\/sept_mill_rolls_rolls_chemical_750.jpg 750w\" sizes=\"auto, (max-width: 800px) 100vw, 750px\" \/><\/span><div class=\"fusion-clearfix\"><\/div>\n\n\t\t\t\t\t<\/div>\n\t\t\t\t<\/div><div  class=\"fusion-layout-column fusion_builder_column fusion_builder_column_1_3  fusion-one-third fusion-column-last 1_3\"  style='margin-top:0px;margin-bottom:20px;width:33.33%;width:calc(33.33% - ( ( 4% + 4% ) * 0.3333 ) );'>\n\t\t\t\t\t<div class=\"fusion-column-wrapper\" style=\"padding: 0px 0px 0px 0px;background-position:left top;background-repeat:no-repeat;-webkit-background-size:cover;-moz-background-size:cover;-o-background-size:cover;background-size:cover;\"  data-bg-url=\"\">\n\t\t\t\t\t\t<div class=\"fusion-button-wrapper\"><style type=\"text\/css\" scoped=\"scoped\">.fusion-button.button-3 .fusion-button-text, .fusion-button.button-3 i {color:#ffffff;}.fusion-button.button-3 {border-width:0px;border-color:#ffffff;}.fusion-button.button-3 .fusion-button-icon-divider{border-color:#ffffff;}.fusion-button.button-3:hover .fusion-button-text, .fusion-button.button-3:hover i,.fusion-button.button-3:focus .fusion-button-text, .fusion-button.button-3:focus i,.fusion-button.button-3:active .fusion-button-text, .fusion-button.button-3:active{color:#1c4f9c;}.fusion-button.button-3:hover, .fusion-button.button-3:focus, .fusion-button.button-3:active{border-width:0px;border-color:#1c4f9c;}.fusion-button.button-3:hover .fusion-button-icon-divider, .fusion-button.button-3:hover .fusion-button-icon-divider, .fusion-button.button-3:active .fusion-button-icon-divider{border-color:#1c4f9c;}.fusion-button.button-3{width:100%;}<\/style><a class=\"fusion-button button-flat fusion-button-round button-large button-default button-3\" target=\"_self\" href=\"http:\/\/septmillrolls.com\/?page_id=1124&amp;lang=fr\"><span class=\"fusion-button-text\">Brosses<\/span><\/a><\/div><div class=\"fusion-text\"><h2 style=\"text-align: center\">Les brosses sur-mesure NOVENTEX\u2122 sont con\u00e7ues et fabriqu\u00e9es dans nos ateliers selon vos sp\u00e9cifications<\/h2>\n<\/div><span class=\"fusion-imageframe imageframe-none imageframe-3 hover-type-none\"><img loading=\"lazy\" decoding=\"async\" src=\"http:\/\/septmillrolls.com\/wp-content\/uploads\/2019\/02\/sept_mill_rolls_brush.jpg\" width=\"750\" height=\"180\" alt=\"\" title=\"sept_mill_rolls_brush\" class=\"img-responsive wp-image-1043\" srcset=\"http:\/\/septmillrolls.com\/wp-content\/uploads\/2019\/02\/sept_mill_rolls_brush-200x48.jpg 200w, http:\/\/septmillrolls.com\/wp-content\/uploads\/2019\/02\/sept_mill_rolls_brush-400x96.jpg 400w, http:\/\/septmillrolls.com\/wp-content\/uploads\/2019\/02\/sept_mill_rolls_brush-600x144.jpg 600w, http:\/\/septmillrolls.com\/wp-content\/uploads\/2019\/02\/sept_mill_rolls_brush.jpg 750w\" sizes=\"auto, (max-width: 800px) 100vw, 750px\" \/><\/span><div class=\"fusion-clearfix\"><\/div>\n\n\t\t\t\t\t<\/div>\n\t\t\t\t<\/div><div  class=\"fusion-layout-column fusion_builder_column fusion_builder_column_1_2  fusion-one-half fusion-column-first 1_2\"  style='margin-top:0px;margin-bottom:20px;width:50%;width:calc(50% - ( ( 4% ) * 0.5 ) );margin-right: 4%;'>\n\t\t\t\t\t<div class=\"fusion-column-wrapper\" style=\"padding: 0px 0px 0px 0px;background-position:left top;background-repeat:no-repeat;-webkit-background-size:cover;-moz-background-size:cover;-o-background-size:cover;background-size:cover;\"  data-bg-url=\"\">\n\t\t\t\t\t\t<div class=\"fusion-clearfix\"><\/div>\n\n\t\t\t\t\t<\/div>\n\t\t\t\t<\/div><\/div><\/div>\n","protected":false},"excerpt":{"rendered":"","protected":false},"author":1,"featured_media":0,"parent":0,"menu_order":0,"comment_status":"closed","ping_status":"closed","template":"","meta":{"footnotes":""},"class_list":["post-1041","page","type-page","status-publish","hentry"],"_links":{"self":[{"href":"http:\/\/septmillrolls.com\/index.php?rest_route=\/wp\/v2\/pages\/1041","targetHints":{"allow":["GET"]}}],"collection":[{"href":"http:\/\/septmillrolls.com\/index.php?rest_route=\/wp\/v2\/pages"}],"about":[{"href":"http:\/\/septmillrolls.com\/index.php?rest_route=\/wp\/v2\/types\/page"}],"author":[{"embeddable":true,"href":"http:\/\/septmillrolls.com\/index.php?rest_route=\/wp\/v2\/users\/1"}],"replies":[{"embeddable":true,"href":"http:\/\/septmillrolls.com\/index.php?rest_route=%2Fwp%2Fv2%2Fcomments&post=1041"}],"version-history":[{"count":5,"href":"http:\/\/septmillrolls.com\/index.php?rest_route=\/wp\/v2\/pages\/1041\/revisions"}],"predecessor-version":[{"id":1321,"href":"http:\/\/septmillrolls.com\/index.php?rest_route=\/wp\/v2\/pages\/1041\/revisions\/1321"}],"wp:attachment":[{"href":"http:\/\/septmillrolls.com\/index.php?rest_route=%2Fwp%2Fv2%2Fmedia&parent=1041"}],"curies":[{"name":"wp","href":"https:\/\/api.w.org\/{rel}","templated":true}]}}